{"id":5821,"date":"2023-08-31T10:32:26","date_gmt":"2023-08-31T10:32:26","guid":{"rendered":"https:\/\/z3-livecommunication.com\/impressum\/"},"modified":"2024-06-14T09:35:23","modified_gmt":"2024-06-14T09:35:23","slug":"impressum-z3-live-communication-ag","status":"publish","type":"page","link":"https:\/\/z3-livecommunication.com\/en\/impressum-z3-live-communication-ag\/","title":{"rendered":"IMPRESSUM"},"content":{"rendered":"<div class=\"wpb-content-wrapper\"><p>[vc_row css_animation=&#8221;fadeInUp&#8221; bg_type=&#8221;bg_color&#8221; bg_override=&#8221;ex-full&#8221; css=&#8221;.vc_custom_1718357536854{padding-top: 110px !important;padding-bottom: 70px !important;}&#8221; bg_color_value=&#8221;#000000&#8243;][vc_column css=&#8221;.vc_custom_1537981422508{padding-right: 30px !important;}&#8221;][vc_custom_heading text=&#8221;IMPRESSUM&#8221; font_container=&#8221;tag:h5|text_align:left&#8221; use_theme_fonts=&#8221;yes&#8221; css=&#8221;.vc_custom_1718357718211{background-color: #000000 !important;}&#8221;][vc_empty_space height=&#8221;20px&#8221;][vc_column_text]Z3 Live Communication AG<br \/>\nBaslerstrasse 98<br \/>\n4632-Trimbach (SO)<br \/>\nSchweiz<br \/>\nTelefon+41 62 211 00 76<br \/>\n<a href=\"mailto:info@z3-livecommunication.com\">E-Mail<\/a><\/p>\n<p><strong>Haftungsausschluss<\/strong><\/p>\n<p>Die bereitgestellten Informationen auf dieser Website wurden sorgf\u00e4ltig gepr\u00fcft und werden regelm\u00e4ssig aktualisiert. Jedoch kann keine Haftung oder Garantie daf\u00fcr \u00fcbernommen werden, dass alle Angaben zu jeder Zeit vollst\u00e4ndig, richtig und in letzter Aktualit\u00e4t dargestellt sind. Alle Angaben k\u00f6nnen ohne vorherige Ank\u00fcndigung ge\u00e4ndert, entfernt oder erg\u00e4nzt werden. Weder die Ver\u00f6ffentlichung noch ihr Inhalt d\u00fcrfen ohne die vorherige Genehmigung der Z3 Live Communication AG auf irgendeine Art ver\u00e4ndert oder an Dritte verteilt oder \u00fcbermittelt werden.<\/p>\n<p><strong>Nutzung von Daten<\/strong><\/p>\n<p>Das Downloaden von Dateien und die \u00dcbermittlung pers\u00f6nlicher Daten erfolgt auf eigene Gefahr des Benutzers.<\/p>\n<p><strong>E-Mail Adressen<\/strong><\/p>\n<p>Das Sammeln und Bearbeiten s\u00e4mtlicher auf dieser Webseite ver\u00f6ffentlichten E-Mail Adressen wird untersagt. Ausserdem verbieten wir das Versenden von E-Mail-Werbenachrichten an diese Adressen.<\/p>\n<p><strong>Mailingliste<\/strong><\/p>\n<p>Ihre E-Mail Adresse wird ausschliesslich f\u00fcr den Versand des Z3 Live Communication AG-Newsletters verwendet und nicht an Drittpersonen weitergegeben.<\/p>\n<p><strong>Verlinkte Webseiten<\/strong><\/p>\n<p>F\u00fcr die Inhalte verlinkter Webseiten \u00fcbernimmt die Z3 Live Communication AG keinerlei Verantwortung.<\/p>\n<p><strong>Telefon- und Telefaxnummern<\/strong><\/p>\n<p>Das Sammeln und Bearbeiten s\u00e4mtlicher auf dieser Webseite ver\u00f6ffentlichten Telefon- und Telefaxnummern wird untersagt. Ausserdem w\u00fcnschen wir keine Werbeanrufe.<\/p>\n<p><strong>Impressum<\/strong><\/p>\n<p>Das Impressum der Z3 Live Communication AG bietet Ihnen detaillierte Informationen und rechtliche Hinweise, einschlie\u00dflich Kontaktangaben.[\/vc_column_text][\/vc_column][\/vc_row]<\/p>\n<\/div>","protected":false},"excerpt":{"rendered":"<p>[vc_row css_animation=&#8221;fadeInUp&#8221; bg_type=&#8221;bg_color&#8221; bg_override=&#8221;ex-full&#8221; css=&#8221;.vc_custom_1718357536854{padding-top: 110px !important;padding-bottom: 70px !important;}&#8221; bg_color_value=&#8221;#000000&#8243;][vc_column css=&#8221;.vc_custom_1537981422508{padding-right: 30px !important;}&#8221;][vc_custom_heading text=&#8221;IMPRESSUM&#8221; font_container=&#8221;tag:h5|text_align:left&#8221; use_theme_fonts=&#8221;yes&#8221; css=&#8221;.vc_custom_1718357718211{background-color: #000000 !important;}&#8221;][vc_empty_space height=&#8221;20px&#8221;][vc_column_text]Z3 Live Communication AG Baslerstrasse 98 4632-Trimbach (SO) Schweiz Telefon+41 62 211 00 76 E-Mail Haftungsausschluss Die bereitgestellten Informationen auf dieser Website wurden sorgf\u00e4ltig gepr\u00fcft und werden regelm\u00e4ssig aktualisiert. Jedoch kann keine Haftung oder Garantie daf\u00fcr [&hellip;]<\/p>\n","protected":false},"author":29,"featured_media":0,"parent":0,"menu_order":0,"comment_status":"closed","ping_status":"closed","template":"one-page-template.php","meta":{"footnotes":""},"class_list":["post-5821","page","type-page","status-publish","hentry"],"yoast_head":"<!-- This site is optimized with the Yoast SEO plugin v27.2 - https:\/\/yoast.com\/product\/yoast-seo-wordpress\/ -->\n<title>IMPRESSUM - Z3 Live Communication AG<\/title>\n<meta name=\"description\" content=\"Kontakt &amp; rechtliche Hinweise: Impressum Z3 Live Communication AG. Informationen, Kontakte &amp; rechtliche Details\" \/>\n<meta name=\"robots\" content=\"index, follow, max-snippet:-1, max-image-preview:large, max-video-preview:-1\" \/>\n<link rel=\"canonical\" href=\"https:\/\/z3-livecommunication.com\/en\/impressum-z3-live-communication-ag\/\" \/>\n<meta property=\"og:locale\" content=\"en_US\" \/>\n<meta property=\"og:type\" content=\"article\" \/>\n<meta property=\"og:title\" content=\"IMPRESSUM - Z3 Live Communication AG\" \/>\n<meta property=\"og:description\" content=\"Kontakt &amp; rechtliche Hinweise: Impressum Z3 Live Communication AG. Informationen, Kontakte &amp; rechtliche Details\" \/>\n<meta property=\"og:url\" content=\"https:\/\/z3-livecommunication.com\/en\/impressum-z3-live-communication-ag\/\" \/>\n<meta property=\"og:site_name\" content=\"Z3 Live Communication AG\" \/>\n<meta property=\"article:publisher\" content=\"https:\/\/www.facebook.com\/Z3LiveCommunicationAG\" \/>\n<meta property=\"article:modified_time\" content=\"2024-06-14T09:35:23+00:00\" \/>\n<meta name=\"twitter:card\" content=\"summary_large_image\" \/>\n<meta name=\"twitter:site\" content=\"@Z3LiveComm\" \/>\n<meta name=\"twitter:label1\" content=\"Est. reading time\" \/>\n\t<meta name=\"twitter:data1\" content=\"2 minutes\" \/>\n<script type=\"application\/ld+json\" class=\"yoast-schema-graph\">{\"@context\":\"https:\/\/schema.org\",\"@graph\":[{\"@type\":\"WebPage\",\"@id\":\"https:\/\/z3-livecommunication.com\/en\/impressum-z3-live-communication-ag\/\",\"url\":\"https:\/\/z3-livecommunication.com\/en\/impressum-z3-live-communication-ag\/\",\"name\":\"IMPRESSUM - Z3 Live Communication AG\",\"isPartOf\":{\"@id\":\"https:\/\/z3-livecommunication.com\/en\/#website\"},\"datePublished\":\"2023-08-31T10:32:26+00:00\",\"dateModified\":\"2024-06-14T09:35:23+00:00\",\"description\":\"Kontakt & rechtliche Hinweise: Impressum Z3 Live Communication AG. Informationen, Kontakte & rechtliche Details\",\"breadcrumb\":{\"@id\":\"https:\/\/z3-livecommunication.com\/en\/impressum-z3-live-communication-ag\/#breadcrumb\"},\"inLanguage\":\"en-US\",\"potentialAction\":[{\"@type\":\"ReadAction\",\"target\":[\"https:\/\/z3-livecommunication.com\/en\/impressum-z3-live-communication-ag\/\"]}]},{\"@type\":\"BreadcrumbList\",\"@id\":\"https:\/\/z3-livecommunication.com\/en\/impressum-z3-live-communication-ag\/#breadcrumb\",\"itemListElement\":[{\"@type\":\"ListItem\",\"position\":1,\"name\":\"Home\",\"item\":\"https:\/\/z3-livecommunication.com\/en\/\"},{\"@type\":\"ListItem\",\"position\":2,\"name\":\"IMPRESSUM\"}]},{\"@type\":\"WebSite\",\"@id\":\"https:\/\/z3-livecommunication.com\/en\/#website\",\"url\":\"https:\/\/z3-livecommunication.com\/en\/\",\"name\":\"Z3 Live Communication AG\",\"description\":\"Ein Partner 195 L\u00e4nder\",\"publisher\":{\"@id\":\"https:\/\/z3-livecommunication.com\/en\/#organization\"},\"potentialAction\":[{\"@type\":\"SearchAction\",\"target\":{\"@type\":\"EntryPoint\",\"urlTemplate\":\"https:\/\/z3-livecommunication.com\/en\/?s={search_term_string}\"},\"query-input\":{\"@type\":\"PropertyValueSpecification\",\"valueRequired\":true,\"valueName\":\"search_term_string\"}}],\"inLanguage\":\"en-US\"},{\"@type\":\"Organization\",\"@id\":\"https:\/\/z3-livecommunication.com\/en\/#organization\",\"name\":\"Z3 Live Communication AG\",\"url\":\"https:\/\/z3-livecommunication.com\/en\/\",\"logo\":{\"@type\":\"ImageObject\",\"inLanguage\":\"en-US\",\"@id\":\"https:\/\/z3-livecommunication.com\/en\/#\/schema\/logo\/image\/\",\"url\":\"https:\/\/z3-livecommunication.com\/wp-content\/uploads\/2021\/06\/Design-ohne-Titel-8.png\",\"contentUrl\":\"https:\/\/z3-livecommunication.com\/wp-content\/uploads\/2021\/06\/Design-ohne-Titel-8.png\",\"width\":1500,\"height\":1500,\"caption\":\"Z3 Live Communication AG\"},\"image\":{\"@id\":\"https:\/\/z3-livecommunication.com\/en\/#\/schema\/logo\/image\/\"},\"sameAs\":[\"https:\/\/www.facebook.com\/Z3LiveCommunicationAG\",\"https:\/\/x.com\/Z3LiveComm\",\"https:\/\/www.instagram.com\/z3livecommunicationag\/\",\"https:\/\/www.linkedin.com\/company\/z3livecomm\/\",\"https:\/\/www.youtube.com\/channel\/UC2ninKttZzd17j8bLl6gLnA\"]}]}<\/script>\n<!-- \/ Yoast SEO plugin. -->","yoast_head_json":{"title":"IMPRESSUM - Z3 Live Communication AG","description":"Kontakt & rechtliche Hinweise: Impressum Z3 Live Communication AG. Informationen, Kontakte & rechtliche Details","robots":{"index":"index","follow":"follow","max-snippet":"max-snippet:-1","max-image-preview":"max-image-preview:large","max-video-preview":"max-video-preview:-1"},"canonical":"https:\/\/z3-livecommunication.com\/en\/impressum-z3-live-communication-ag\/","og_locale":"en_US","og_type":"article","og_title":"IMPRESSUM - Z3 Live Communication AG","og_description":"Kontakt & rechtliche Hinweise: Impressum Z3 Live Communication AG. Informationen, Kontakte & rechtliche Details","og_url":"https:\/\/z3-livecommunication.com\/en\/impressum-z3-live-communication-ag\/","og_site_name":"Z3 Live Communication AG","article_publisher":"https:\/\/www.facebook.com\/Z3LiveCommunicationAG","article_modified_time":"2024-06-14T09:35:23+00:00","twitter_card":"summary_large_image","twitter_site":"@Z3LiveComm","twitter_misc":{"Est. reading time":"2 minutes"},"schema":{"@context":"https:\/\/schema.org","@graph":[{"@type":"WebPage","@id":"https:\/\/z3-livecommunication.com\/en\/impressum-z3-live-communication-ag\/","url":"https:\/\/z3-livecommunication.com\/en\/impressum-z3-live-communication-ag\/","name":"IMPRESSUM - Z3 Live Communication AG","isPartOf":{"@id":"https:\/\/z3-livecommunication.com\/en\/#website"},"datePublished":"2023-08-31T10:32:26+00:00","dateModified":"2024-06-14T09:35:23+00:00","description":"Kontakt & rechtliche Hinweise: Impressum Z3 Live Communication AG. Informationen, Kontakte & rechtliche Details","breadcrumb":{"@id":"https:\/\/z3-livecommunication.com\/en\/impressum-z3-live-communication-ag\/#breadcrumb"},"inLanguage":"en-US","potentialAction":[{"@type":"ReadAction","target":["https:\/\/z3-livecommunication.com\/en\/impressum-z3-live-communication-ag\/"]}]},{"@type":"BreadcrumbList","@id":"https:\/\/z3-livecommunication.com\/en\/impressum-z3-live-communication-ag\/#breadcrumb","itemListElement":[{"@type":"ListItem","position":1,"name":"Home","item":"https:\/\/z3-livecommunication.com\/en\/"},{"@type":"ListItem","position":2,"name":"IMPRESSUM"}]},{"@type":"WebSite","@id":"https:\/\/z3-livecommunication.com\/en\/#website","url":"https:\/\/z3-livecommunication.com\/en\/","name":"Z3 Live Communication AG","description":"Ein Partner 195 L\u00e4nder","publisher":{"@id":"https:\/\/z3-livecommunication.com\/en\/#organization"},"potentialAction":[{"@type":"SearchAction","target":{"@type":"EntryPoint","urlTemplate":"https:\/\/z3-livecommunication.com\/en\/?s={search_term_string}"},"query-input":{"@type":"PropertyValueSpecification","valueRequired":true,"valueName":"search_term_string"}}],"inLanguage":"en-US"},{"@type":"Organization","@id":"https:\/\/z3-livecommunication.com\/en\/#organization","name":"Z3 Live Communication AG","url":"https:\/\/z3-livecommunication.com\/en\/","logo":{"@type":"ImageObject","inLanguage":"en-US","@id":"https:\/\/z3-livecommunication.com\/en\/#\/schema\/logo\/image\/","url":"https:\/\/z3-livecommunication.com\/wp-content\/uploads\/2021\/06\/Design-ohne-Titel-8.png","contentUrl":"https:\/\/z3-livecommunication.com\/wp-content\/uploads\/2021\/06\/Design-ohne-Titel-8.png","width":1500,"height":1500,"caption":"Z3 Live Communication AG"},"image":{"@id":"https:\/\/z3-livecommunication.com\/en\/#\/schema\/logo\/image\/"},"sameAs":["https:\/\/www.facebook.com\/Z3LiveCommunicationAG","https:\/\/x.com\/Z3LiveComm","https:\/\/www.instagram.com\/z3livecommunicationag\/","https:\/\/www.linkedin.com\/company\/z3livecomm\/","https:\/\/www.youtube.com\/channel\/UC2ninKttZzd17j8bLl6gLnA"]}]}},"_links":{"self":[{"href":"https:\/\/z3-livecommunication.com\/en\/wp-json\/wp\/v2\/pages\/5821","targetHints":{"allow":["GET"]}}],"collection":[{"href":"https:\/\/z3-livecommunication.com\/en\/wp-json\/wp\/v2\/pages"}],"about":[{"href":"https:\/\/z3-livecommunication.com\/en\/wp-json\/wp\/v2\/types\/page"}],"author":[{"embeddable":true,"href":"https:\/\/z3-livecommunication.com\/en\/wp-json\/wp\/v2\/users\/29"}],"replies":[{"embeddable":true,"href":"https:\/\/z3-livecommunication.com\/en\/wp-json\/wp\/v2\/comments?post=5821"}],"version-history":[{"count":2,"href":"https:\/\/z3-livecommunication.com\/en\/wp-json\/wp\/v2\/pages\/5821\/revisions"}],"predecessor-version":[{"id":7496,"href":"https:\/\/z3-livecommunication.com\/en\/wp-json\/wp\/v2\/pages\/5821\/revisions\/7496"}],"wp:attachment":[{"href":"https:\/\/z3-livecommunication.com\/en\/wp-json\/wp\/v2\/media?parent=5821"}],"curies":[{"name":"wp","href":"https:\/\/api.w.org\/{rel}","templated":true}]}}